{"id":704,"date":"2023-08-21T16:41:02","date_gmt":"2023-08-21T14:41:02","guid":{"rendered":"https:\/\/indoorpirate.hu\/?page_id=704"},"modified":"2025-10-20T19:46:26","modified_gmt":"2025-10-20T17:46:26","slug":"indoor-pirate-minigolf-valaszto","status":"publish","type":"page","link":"https:\/\/indoorpirate.hu\/en\/","title":{"rendered":"Indoor Pirate Minigolf v\u00e1laszt\u00f3"},"content":{"rendered":"<div data-elementor-type=\"wp-page\" data-elementor-id=\"704\" class=\"elementor elementor-704\" data-elementor-post-type=\"page\">\n\t\t\t\t\t\t<section class=\"elementor-section elementor-top-section elementor-element elementor-element-47ef5ce6 elementor-section-height-min-height elementor-section-boxed elementor-section-height-default elementor-section-items-middle\" data-id=\"47ef5ce6\" data-element_type=\"section\" data-e-type=\"section\" data-settings=\"{&quot;background_background&quot;:&quot;classic&quot;}\">\n\t\t\t\t\t\t<div class=\"elementor-container elementor-column-gap-default\">\n\t\t\t\t\t<div class=\"elementor-column elementor-col-100 elementor-top-column elementor-element elementor-element-2ee8665c\" data-id=\"2ee8665c\" data-element_type=\"column\" data-e-type=\"column\">\n\t\t\t<div class=\"elementor-widget-wrap elementor-element-populated\">\n\t\t\t\t\t\t<div class=\"elementor-element elementor-element-11fb70a6 elementor-widget elementor-widget-heading\" data-id=\"11fb70a6\" data-element_type=\"widget\" data-e-type=\"widget\" data-widget_type=\"heading.default\">\n\t\t\t\t\t<h1 class=\"elementor-heading-title elementor-size-default\">v\u00e1laszd ki, hogy melyik helysz\u00ednre szeretn\u00e9l foglalni!<\/h1>\t\t\t\t<\/div>\n\t\t\t\t\t<\/div>\n\t\t<\/div>\n\t\t\t\t\t<\/div>\n\t\t<\/section>\n\t\t\t\t<section class=\"elementor-section elementor-top-section elementor-element elementor-element-32058c3f elementor-section-height-full elementor-section-items-stretch elementor-section-content-middle elementor-reverse-mobile elementor-section-boxed elementor-section-height-default\" data-id=\"32058c3f\" data-element_type=\"section\" data-e-type=\"section\" data-settings=\"{&quot;background_background&quot;:&quot;classic&quot;,&quot;background_motion_fx_motion_fx_mouse&quot;:&quot;yes&quot;,&quot;background_motion_fx_mouseTrack_effect&quot;:&quot;yes&quot;,&quot;background_motion_fx_mouseTrack_speed&quot;:{&quot;unit&quot;:&quot;px&quot;,&quot;size&quot;:&quot;0.3&quot;,&quot;sizes&quot;:[]}}\">\n\t\t\t\t\t\t<div class=\"elementor-container elementor-column-gap-default\">\n\t\t\t\t\t<div class=\"elementor-column elementor-col-50 elementor-top-column elementor-element elementor-element-36fc545b\" data-id=\"36fc545b\" data-element_type=\"column\" data-e-type=\"column\">\n\t\t\t<div class=\"elementor-widget-wrap elementor-element-populated\">\n\t\t\t\t\t\t<div class=\"elementor-element elementor-element-7b68a6fd elementor-align-right elementor-mobile-align-center elementor-widget-mobile__width-initial elementor-widget elementor-widget-button\" data-id=\"7b68a6fd\" data-element_type=\"widget\" data-e-type=\"widget\" data-widget_type=\"button.default\">\n\t\t\t\t\t\t\t\t\t\t<a class=\"elementor-button elementor-size-md\" role=\"button\">\n\t\t\t\t\t\t<span class=\"elementor-button-content-wrapper\">\n\t\t\t\t\t\t\t\t\t<span class=\"elementor-button-text\">12 +<\/span>\n\t\t\t\t\t<\/span>\n\t\t\t\t\t<\/a>\n\t\t\t\t\t\t\t\t<\/div>\n\t\t\t\t<div class=\"elementor-element elementor-element-75435491 elementor-widget__width-initial elementor-widget-mobile__width-initial elementor-widget-tablet__width-initial elementor-widget elementor-widget-image\" data-id=\"75435491\" data-element_type=\"widget\" data-e-type=\"widget\" data-widget_type=\"image.default\">\n\t\t\t\t\t\t\t\t\t\t\t\t\t\t\t\t<a href=\"https:\/\/indoorpirate.hu\/en\/indoorpirate-minigolf\/\" target=\"_blank\">\n\t\t\t\t\t\t\t<img fetchpriority=\"high\" decoding=\"async\" width=\"800\" height=\"484\" src=\"https:\/\/indoorpirate.hu\/wp-content\/uploads\/2025\/09\/INDOOR-viz-alatt_logo-vector-uj-2-1024x619.webp\" class=\"elementor-animation-pulse-grow attachment-large size-large wp-image-1985\" alt=\"\" srcset=\"https:\/\/indoorpirate.hu\/wp-content\/uploads\/2025\/09\/INDOOR-viz-alatt_logo-vector-uj-2-1024x619.webp 1024w, https:\/\/indoorpirate.hu\/wp-content\/uploads\/2025\/09\/INDOOR-viz-alatt_logo-vector-uj-2-700x423.webp 700w, https:\/\/indoorpirate.hu\/wp-content\/uploads\/2025\/09\/INDOOR-viz-alatt_logo-vector-uj-2-768x464.webp 768w, https:\/\/indoorpirate.hu\/wp-content\/uploads\/2025\/09\/INDOOR-viz-alatt_logo-vector-uj-2-1536x929.webp 1536w, https:\/\/indoorpirate.hu\/wp-content\/uploads\/2025\/09\/INDOOR-viz-alatt_logo-vector-uj-2-2048x1238.webp 2048w, https:\/\/indoorpirate.hu\/wp-content\/uploads\/2025\/09\/INDOOR-viz-alatt_logo-vector-uj-2-18x12.webp 18w\" sizes=\"(max-width: 800px) 100vw, 800px\" \/>\t\t\t\t\t\t\t\t<\/a>\n\t\t\t\t\t\t\t\t\t\t\t\t\t\t\t<\/div>\n\t\t\t\t\t<\/div>\n\t\t<\/div>\n\t\t\t\t<div class=\"elementor-column elementor-col-50 elementor-top-column elementor-element elementor-element-41efea48\" data-id=\"41efea48\" data-element_type=\"column\" data-e-type=\"column\">\n\t\t\t<div class=\"elementor-widget-wrap elementor-element-populated\">\n\t\t\t\t\t\t<div class=\"elementor-element elementor-element-32154906 elementor-align-right elementor-mobile-align-center elementor-widget-mobile__width-initial elementor-widget elementor-widget-button\" data-id=\"32154906\" data-element_type=\"widget\" data-e-type=\"widget\" data-widget_type=\"button.default\">\n\t\t\t\t\t\t\t\t\t\t<a class=\"elementor-button elementor-size-md\" role=\"button\">\n\t\t\t\t\t\t<span class=\"elementor-button-content-wrapper\">\n\t\t\t\t\t\t\t\t\t<span class=\"elementor-button-text\">12 +<\/span>\n\t\t\t\t\t<\/span>\n\t\t\t\t\t<\/a>\n\t\t\t\t\t\t\t\t<\/div>\n\t\t\t\t<div class=\"elementor-element elementor-element-709f22d8 elementor-widget__width-initial elementor-widget-tablet__width-initial elementor-widget elementor-widget-image\" data-id=\"709f22d8\" data-element_type=\"widget\" data-e-type=\"widget\" data-widget_type=\"image.default\">\n\t\t\t\t\t\t\t\t\t\t\t\t\t\t\t\t<a href=\"https:\/\/indoorbudapest.hu\/indoorbudapest\/\">\n\t\t\t\t\t\t\t<img decoding=\"async\" src=\"https:\/\/indoorpirate.hu\/wp-content\/uploads\/elementor\/thumbs\/Indoor_logo_vminigolf-1-1-scaled-1-rdhv44xr1nezvay6ln4dx4qh4hswhdhkw0z670gj0g.webp\" title=\"Indoor_logo_vminigolf-1-1-scaled.png\" alt=\"Indoor_logo_vminigolf-1-1-scaled.png\" class=\"elementor-animation-pulse-grow\" loading=\"lazy\" \/>\t\t\t\t\t\t\t\t<\/a>\n\t\t\t\t\t\t\t\t\t\t\t\t\t\t\t<\/div>\n\t\t\t\t\t<\/div>\n\t\t<\/div>\n\t\t\t\t\t<\/div>\n\t\t<\/section>\n\t\t\t\t<\/div>","protected":false},"excerpt":{"rendered":"<p>v\u00e1laszd ki, hogy melyik helysz\u00ednre szeretn\u00e9l foglalni! 12 + 12 +<\/p>","protected":false},"author":1,"featured_media":0,"parent":0,"menu_order":0,"comment_status":"closed","ping_status":"closed","template":"","meta":{"footnotes":""},"class_list":["post-704","page","type-page","status-publish","hentry"],"yoast_head":"<!-- This site is optimized with the Yoast SEO Premium plugin v27.5 (Yoast SEO v27.3) - https:\/\/yoast.com\/product\/yoast-seo-premium-wordpress\/ -->\n<title>Indoor Pirate Minigolf v\u00e1laszt\u00f3 - indoorpirate.hu<\/title>\n<meta name=\"description\" content=\"Indoor Pirate Minigolf v\u00e1laszt\u00f3\" \/>\n<meta name=\"robots\" content=\"index, follow, max-snippet:-1, max-image-preview:large, max-video-preview:-1\" \/>\n<link rel=\"canonical\" href=\"https:\/\/indoorpirate.hu\/en\/\" \/>\n<meta property=\"og:locale\" content=\"en_GB\" \/>\n<meta property=\"og:type\" content=\"article\" \/>\n<meta property=\"og:title\" content=\"Indoor Pirate Minigolf v\u00e1laszt\u00f3 - indoorpirate.hu\" \/>\n<meta property=\"og:description\" content=\"Indoor Pirate Minigolf v\u00e1laszt\u00f3\" \/>\n<meta property=\"og:url\" content=\"https:\/\/indoorpirate.hu\/en\/\" \/>\n<meta property=\"og:site_name\" content=\"indoorpirate.hu\" \/>\n<meta property=\"article:publisher\" content=\"https:\/\/www.facebook.com\/profile.php?id=100093869261807\" \/>\n<meta property=\"article:modified_time\" content=\"2025-10-20T17:46:26+00:00\" \/>\n<meta property=\"og:image\" content=\"https:\/\/indoorpirate.hu\/wp-content\/uploads\/2025\/09\/INDOOR-viz-alatt_logo-vector-uj-2.webp\" \/>\n\t<meta property=\"og:image:width\" content=\"2435\" \/>\n\t<meta property=\"og:image:height\" content=\"1472\" \/>\n\t<meta property=\"og:image:type\" content=\"image\/webp\" \/>\n<meta name=\"twitter:card\" content=\"summary_large_image\" \/>\n<meta name=\"twitter:label1\" content=\"Estimated reading time\" \/>\n\t<meta name=\"twitter:data1\" content=\"1 minute\" \/>\n<script type=\"application\/ld+json\" class=\"yoast-schema-graph\">{\"@context\":\"https:\\\/\\\/schema.org\",\"@graph\":[{\"@type\":\"WebPage\",\"@id\":\"https:\\\/\\\/indoorpirate.hu\\\/\",\"url\":\"https:\\\/\\\/indoorpirate.hu\\\/\",\"name\":\"Indoor Pirate Minigolf v\u00e1laszt\u00f3 - indoorpirate.hu\",\"isPartOf\":{\"@id\":\"https:\\\/\\\/indoorpirate.hu\\\/#website\"},\"primaryImageOfPage\":{\"@id\":\"https:\\\/\\\/indoorpirate.hu\\\/#primaryimage\"},\"image\":{\"@id\":\"https:\\\/\\\/indoorpirate.hu\\\/#primaryimage\"},\"thumbnailUrl\":\"https:\\\/\\\/indoorpirate.hu\\\/wp-content\\\/uploads\\\/2025\\\/09\\\/INDOOR-viz-alatt_logo-vector-uj-2-1024x619.webp\",\"datePublished\":\"2023-08-21T14:41:02+00:00\",\"dateModified\":\"2025-10-20T17:46:26+00:00\",\"description\":\"Indoor Pirate Minigolf v\u00e1laszt\u00f3\",\"breadcrumb\":{\"@id\":\"https:\\\/\\\/indoorpirate.hu\\\/#breadcrumb\"},\"inLanguage\":\"en-GB\",\"potentialAction\":[{\"@type\":\"ReadAction\",\"target\":[\"https:\\\/\\\/indoorpirate.hu\\\/\"]}]},{\"@type\":\"ImageObject\",\"inLanguage\":\"en-GB\",\"@id\":\"https:\\\/\\\/indoorpirate.hu\\\/#primaryimage\",\"url\":\"https:\\\/\\\/indoorpirate.hu\\\/wp-content\\\/uploads\\\/2025\\\/09\\\/INDOOR-viz-alatt_logo-vector-uj-2-1024x619.webp\",\"contentUrl\":\"https:\\\/\\\/indoorpirate.hu\\\/wp-content\\\/uploads\\\/2025\\\/09\\\/INDOOR-viz-alatt_logo-vector-uj-2-1024x619.webp\"},{\"@type\":\"BreadcrumbList\",\"@id\":\"https:\\\/\\\/indoorpirate.hu\\\/#breadcrumb\",\"itemListElement\":[{\"@type\":\"ListItem\",\"position\":1,\"name\":\"Kezd\u0151lap\",\"item\":\"https:\\\/\\\/indoorpirate.hu\\\/\"},{\"@type\":\"ListItem\",\"position\":2,\"name\":\"Indoor Pirate Minigolf v\u00e1laszt\u00f3\"}]},{\"@type\":\"WebSite\",\"@id\":\"https:\\\/\\\/indoorpirate.hu\\\/#website\",\"url\":\"https:\\\/\\\/indoorpirate.hu\\\/\",\"name\":\"indoorpirate.hu\",\"description\":\"Fun in the dark\",\"publisher\":{\"@id\":\"https:\\\/\\\/indoorpirate.hu\\\/#organization\"},\"potentialAction\":[{\"@type\":\"SearchAction\",\"target\":{\"@type\":\"EntryPoint\",\"urlTemplate\":\"https:\\\/\\\/indoorpirate.hu\\\/?s={search_term_string}\"},\"query-input\":{\"@type\":\"PropertyValueSpecification\",\"valueRequired\":true,\"valueName\":\"search_term_string\"}}],\"inLanguage\":\"en-GB\"},{\"@type\":\"Organization\",\"@id\":\"https:\\\/\\\/indoorpirate.hu\\\/#organization\",\"name\":\"indoorpirate.hu\",\"url\":\"https:\\\/\\\/indoorpirate.hu\\\/\",\"logo\":{\"@type\":\"ImageObject\",\"inLanguage\":\"en-GB\",\"@id\":\"https:\\\/\\\/indoorpirate.hu\\\/#\\\/schema\\\/logo\\\/image\\\/\",\"url\":\"https:\\\/\\\/indoorpirate.hu\\\/wp-content\\\/uploads\\\/2025\\\/09\\\/INDOOR-viz-alatt_logo-vector-uj-2.webp\",\"contentUrl\":\"https:\\\/\\\/indoorpirate.hu\\\/wp-content\\\/uploads\\\/2025\\\/09\\\/INDOOR-viz-alatt_logo-vector-uj-2.webp\",\"width\":2435,\"height\":1472,\"caption\":\"indoorpirate.hu\"},\"image\":{\"@id\":\"https:\\\/\\\/indoorpirate.hu\\\/#\\\/schema\\\/logo\\\/image\\\/\"},\"sameAs\":[\"https:\\\/\\\/www.facebook.com\\\/profile.php?id=100093869261807\"]}]}<\/script>\n<!-- \/ Yoast SEO Premium plugin. -->","yoast_head_json":{"title":"Indoor Pirate Minigolf v\u00e1laszt\u00f3 - indoorpirate.hu","description":"Indoor Pirate Minigolf v\u00e1laszt\u00f3","robots":{"index":"index","follow":"follow","max-snippet":"max-snippet:-1","max-image-preview":"max-image-preview:large","max-video-preview":"max-video-preview:-1"},"canonical":"https:\/\/indoorpirate.hu\/en\/","og_locale":"en_GB","og_type":"article","og_title":"Indoor Pirate Minigolf v\u00e1laszt\u00f3 - indoorpirate.hu","og_description":"Indoor Pirate Minigolf v\u00e1laszt\u00f3","og_url":"https:\/\/indoorpirate.hu\/en\/","og_site_name":"indoorpirate.hu","article_publisher":"https:\/\/www.facebook.com\/profile.php?id=100093869261807","article_modified_time":"2025-10-20T17:46:26+00:00","og_image":[{"width":2435,"height":1472,"url":"https:\/\/indoorpirate.hu\/wp-content\/uploads\/2025\/09\/INDOOR-viz-alatt_logo-vector-uj-2.webp","type":"image\/webp"}],"twitter_card":"summary_large_image","twitter_misc":{"Estimated reading time":"1 minute"},"schema":{"@context":"https:\/\/schema.org","@graph":[{"@type":"WebPage","@id":"https:\/\/indoorpirate.hu\/","url":"https:\/\/indoorpirate.hu\/","name":"Indoor Pirate Minigolf v\u00e1laszt\u00f3 - indoorpirate.hu","isPartOf":{"@id":"https:\/\/indoorpirate.hu\/#website"},"primaryImageOfPage":{"@id":"https:\/\/indoorpirate.hu\/#primaryimage"},"image":{"@id":"https:\/\/indoorpirate.hu\/#primaryimage"},"thumbnailUrl":"https:\/\/indoorpirate.hu\/wp-content\/uploads\/2025\/09\/INDOOR-viz-alatt_logo-vector-uj-2-1024x619.webp","datePublished":"2023-08-21T14:41:02+00:00","dateModified":"2025-10-20T17:46:26+00:00","description":"Indoor Pirate Minigolf v\u00e1laszt\u00f3","breadcrumb":{"@id":"https:\/\/indoorpirate.hu\/#breadcrumb"},"inLanguage":"en-GB","potentialAction":[{"@type":"ReadAction","target":["https:\/\/indoorpirate.hu\/"]}]},{"@type":"ImageObject","inLanguage":"en-GB","@id":"https:\/\/indoorpirate.hu\/#primaryimage","url":"https:\/\/indoorpirate.hu\/wp-content\/uploads\/2025\/09\/INDOOR-viz-alatt_logo-vector-uj-2-1024x619.webp","contentUrl":"https:\/\/indoorpirate.hu\/wp-content\/uploads\/2025\/09\/INDOOR-viz-alatt_logo-vector-uj-2-1024x619.webp"},{"@type":"BreadcrumbList","@id":"https:\/\/indoorpirate.hu\/#breadcrumb","itemListElement":[{"@type":"ListItem","position":1,"name":"Kezd\u0151lap","item":"https:\/\/indoorpirate.hu\/"},{"@type":"ListItem","position":2,"name":"Indoor Pirate Minigolf v\u00e1laszt\u00f3"}]},{"@type":"WebSite","@id":"https:\/\/indoorpirate.hu\/#website","url":"https:\/\/indoorpirate.hu\/","name":"indoorpirate.hu","description":"Fun in the dark","publisher":{"@id":"https:\/\/indoorpirate.hu\/#organization"},"potentialAction":[{"@type":"SearchAction","target":{"@type":"EntryPoint","urlTemplate":"https:\/\/indoorpirate.hu\/?s={search_term_string}"},"query-input":{"@type":"PropertyValueSpecification","valueRequired":true,"valueName":"search_term_string"}}],"inLanguage":"en-GB"},{"@type":"Organization","@id":"https:\/\/indoorpirate.hu\/#organization","name":"indoorpirate.hu","url":"https:\/\/indoorpirate.hu\/","logo":{"@type":"ImageObject","inLanguage":"en-GB","@id":"https:\/\/indoorpirate.hu\/#\/schema\/logo\/image\/","url":"https:\/\/indoorpirate.hu\/wp-content\/uploads\/2025\/09\/INDOOR-viz-alatt_logo-vector-uj-2.webp","contentUrl":"https:\/\/indoorpirate.hu\/wp-content\/uploads\/2025\/09\/INDOOR-viz-alatt_logo-vector-uj-2.webp","width":2435,"height":1472,"caption":"indoorpirate.hu"},"image":{"@id":"https:\/\/indoorpirate.hu\/#\/schema\/logo\/image\/"},"sameAs":["https:\/\/www.facebook.com\/profile.php?id=100093869261807"]}]}},"_links":{"self":[{"href":"https:\/\/indoorpirate.hu\/en\/wp-json\/wp\/v2\/pages\/704","targetHints":{"allow":["GET"]}}],"collection":[{"href":"https:\/\/indoorpirate.hu\/en\/wp-json\/wp\/v2\/pages"}],"about":[{"href":"https:\/\/indoorpirate.hu\/en\/wp-json\/wp\/v2\/types\/page"}],"author":[{"embeddable":true,"href":"https:\/\/indoorpirate.hu\/en\/wp-json\/wp\/v2\/users\/1"}],"replies":[{"embeddable":true,"href":"https:\/\/indoorpirate.hu\/en\/wp-json\/wp\/v2\/comments?post=704"}],"version-history":[{"count":0,"href":"https:\/\/indoorpirate.hu\/en\/wp-json\/wp\/v2\/pages\/704\/revisions"}],"wp:attachment":[{"href":"https:\/\/indoorpirate.hu\/en\/wp-json\/wp\/v2\/media?parent=704"}],"curies":[{"name":"wp","href":"https:\/\/api.w.org\/{rel}","templated":true}]}}